{"id":249,"date":"2021-05-18T04:40:39","date_gmt":"2021-05-18T04:40:39","guid":{"rendered":"https:\/\/mslspa.cl\/index.php\/contact-us\/"},"modified":"2024-05-12T23:17:17","modified_gmt":"2024-05-12T23:17:17","slug":"contact-us","status":"publish","type":"page","link":"https:\/\/mslspa.cl\/index.php\/contact-us\/","title":{"rendered":"Contact Us"},"content":{"rendered":"\n<div class=\"wp-block-uagb-container uagb-block-og8of8c2 alignfull uagb-is-root-container\"><div class=\"uagb-container-inner-blocks-wrap\">\n<div class=\"wp-block-uagb-info-box uagb-block-bdmqfggs uagb-infobox__content-wrap  uagb-infobox-icon-above-title uagb-infobox-image-valign-top\"><div class=\"uagb-ifb-content\"><div class=\"uagb-ifb-title-wrap\"><h1 class=\"uagb-ifb-title\">Estamos atento<\/h1><\/div><p class=\"uagb-ifb-desc\">Si tienes alguna consulta, favor toma contacto directamente a nuestro n\u00famero o m\u00e1s bien, llena el formulario m\u00e1s abajo.<\/p><\/div><\/div>\n<\/div><\/div>\n\n\n\n<div class=\"wp-block-uagb-container uagb-block-yinotkfy alignfull uagb-is-root-container\"><\/div>\n\n\n\n<div class=\"wp-block-uagb-container uagb-block-ywfypdy1 alignfull uagb-is-root-container\"><div class=\"uagb-container-inner-blocks-wrap\">\n<div class=\"wp-block-uagb-container uagb-block-rafqbjus\">\n<div class=\"wp-block-uagb-info-box uagb-block-dglnf8df uagb-infobox__content-wrap  uagb-infobox-icon-above-title uagb-infobox-image-valign-top\"><div class=\"uagb-ifb-content\"><div class=\"uagb-ifb-title-wrap\"><h2 class=\"uagb-ifb-title\">Contacto<\/h2><\/div><p class=\"uagb-ifb-desc\">Recuerda que puedes contactarnos directamente<\/p><\/div><\/div>\n\n\n\n<div class=\"wp-block-uagb-info-box uagb-block-jcwnmjhd uagb-infobox__content-wrap  uagb-infobox-icon-left-title uagb-infobox-left uagb-infobox-image-valign-top\"><div class=\"uagb-ifb-content\"><div class=\"uagb-ifb-left-title-image\"><div class=\"uagb-ifb-icon-wrap\"><svg xmlns=\"https:\/\/www.w3.org\/2000\/svg\" viewBox=\"0 0 512 512\"><path d=\"M511.2 387l-23.25 100.8c-3.266 14.25-15.79 24.22-30.46 24.22C205.2 512 0 306.8 0 54.5c0-14.66 9.969-27.2 24.22-30.45l100.8-23.25C139.7-2.602 154.7 5.018 160.8 18.92l46.52 108.5c5.438 12.78 1.77 27.67-8.98 36.45L144.5 207.1c33.98 69.22 90.26 125.5 159.5 159.5l44.08-53.8c8.688-10.78 23.69-14.51 36.47-8.975l108.5 46.51C506.1 357.2 514.6 372.4 511.2 387z\"><\/path><\/svg><\/div><div class=\"uagb-ifb-title-wrap\"><p class=\"uagb-ifb-title\">202-555-0188<\/p><\/div><\/div><\/div><\/div>\n\n\n\n<div class=\"wp-block-uagb-info-box uagb-block-mdo2clk9 uagb-infobox__content-wrap  uagb-infobox-icon-left-title uagb-infobox-left uagb-infobox-image-valign-top\"><div class=\"uagb-ifb-content\"><div class=\"uagb-ifb-left-title-image\"><div class=\"uagb-ifb-icon-wrap\"><svg xmlns=\"https:\/\/www.w3.org\/2000\/svg\" viewBox=\"0 0 512 512\"><path d=\"M464 64C490.5 64 512 85.49 512 112C512 127.1 504.9 141.3 492.8 150.4L275.2 313.6C263.8 322.1 248.2 322.1 236.8 313.6L19.2 150.4C7.113 141.3 0 127.1 0 112C0 85.49 21.49 64 48 64H464zM217.6 339.2C240.4 356.3 271.6 356.3 294.4 339.2L512 176V384C512 419.3 483.3 448 448 448H64C28.65 448 0 419.3 0 384V176L217.6 339.2z\"><\/path><\/svg><\/div><div class=\"uagb-ifb-title-wrap\"><p class=\"uagb-ifb-title\">Mserrano@mslspa.cl<\/p><\/div><\/div><\/div><\/div>\n<\/div>\n\n\n<div class=\"wpforms-container wpforms-block wpforms-block-2200578b-3455-440d-b710-62a0bf0f9e4b\" id=\"wpforms-10\"><form id=\"wpforms-form-10\" class=\"wpforms-validate wpforms-form\" data-formid=\"10\" method=\"post\" enctype=\"multipart\/form-data\" action=\"\/index.php\/wp-json\/wp\/v2\/pages\/249\" data-token=\"06cb8b2e98ee3a6a2b7ffcb86fe284f6\" data-token-time=\"1775273082\"><noscript class=\"wpforms-error-noscript\">Please enable JavaScript in your browser to complete this form.<\/noscript><div class=\"wpforms-field-container\"><div id=\"wpforms-10-field_0-container\" class=\"wpforms-field wpforms-field-name\" data-field-id=\"0\"><label class=\"wpforms-field-label wpforms-label-hide\" for=\"wpforms-10-field_0\">Nombre <span class=\"wpforms-required-label\">*<\/span><\/label><input type=\"text\" id=\"wpforms-10-field_0\" class=\"wpforms-field-large wpforms-field-required\" name=\"wpforms[fields][0]\" placeholder=\"Name\" required><\/div><div id=\"wpforms-10-field_1-container\" class=\"wpforms-field wpforms-field-email\" data-field-id=\"1\"><label class=\"wpforms-field-label wpforms-label-hide\" for=\"wpforms-10-field_1\">Correo <span class=\"wpforms-required-label\">*<\/span><\/label><input type=\"email\" id=\"wpforms-10-field_1\" class=\"wpforms-field-large wpforms-field-required\" name=\"wpforms[fields][1]\" placeholder=\"Email Address\" spellcheck=\"false\" required><\/div><div id=\"wpforms-10-field_3-container\" class=\"wpforms-field wpforms-field-text\" data-field-id=\"3\"><label class=\"wpforms-field-label wpforms-label-hide\" for=\"wpforms-10-field_3\">Motivo <span class=\"wpforms-required-label\">*<\/span><\/label><input type=\"text\" id=\"wpforms-10-field_3\" class=\"wpforms-field-large wpforms-field-required\" name=\"wpforms[fields][3]\" placeholder=\"Subject\" required><\/div><div id=\"wpforms-10-field_2-container\" class=\"wpforms-field wpforms-field-textarea\" data-field-id=\"2\"><label class=\"wpforms-field-label wpforms-label-hide\" for=\"wpforms-10-field_2\">Mensaje <span class=\"wpforms-required-label\">*<\/span><\/label><textarea id=\"wpforms-10-field_2\" class=\"wpforms-field-medium wpforms-field-required\" name=\"wpforms[fields][2]\" placeholder=\"Your Message\" required><\/textarea><\/div><\/div><!-- .wpforms-field-container --><div class=\"wpforms-submit-container\" ><input type=\"hidden\" name=\"wpforms[id]\" value=\"10\"><input type=\"hidden\" name=\"page_title\" value=\"\"><input type=\"hidden\" name=\"page_url\" value=\"https:\/\/mslspa.cl\/index.php\/wp-json\/wp\/v2\/pages\/249\"><button type=\"submit\" name=\"wpforms[submit]\" id=\"wpforms-submit-10\" class=\"wpforms-submit\" data-alt-text=\"Sending...\" data-submit-text=\"Send Away!\" aria-live=\"assertive\" value=\"wpforms-submit\">Send Away!<\/button><\/div><\/form><\/div>  <!-- .wpforms-container --><\/div><\/div>\n","protected":false},"excerpt":{"rendered":"","protected":false},"author":1,"featured_media":0,"parent":0,"menu_order":0,"comment_status":"closed","ping_status":"closed","template":"","meta":{"_uag_custom_page_level_css":"","site-sidebar-layout":"no-sidebar","site-content-layout":"page-builder","ast-global-header-display":"","ast-main-header-display":"","ast-hfb-above-header-display":"","ast-hfb-below-header-display":"","ast-hfb-mobile-header-display":"","site-post-title":"disabled","ast-breadcrumbs-content":"","ast-featured-img":"disabled","footer-sml-layout":"","theme-transparent-header-meta":"default","adv-header-id-meta":"","stick-header-meta":"","header-above-stick-meta":"","header-main-stick-meta":"","header-below-stick-meta":"","footnotes":""},"yoast_head":"<!-- This site is optimized with the Yoast SEO plugin v22.6 - https:\/\/yoast.com\/wordpress\/plugins\/seo\/ -->\n<title>Servicios de gesti\u00f3n integral y desarrollo de negocios<\/title>\n<meta name=\"robots\" content=\"index, follow, max-snippet:-1, max-image-preview:large, max-video-preview:-1\" \/>\n<link rel=\"canonical\" href=\"https:\/\/mslspa.cl\/index.php\/contact-us\/\" \/>\n<meta property=\"og:locale\" content=\"en_US\" \/>\n<meta property=\"og:type\" content=\"article\" \/>\n<meta property=\"og:title\" content=\"Servicios de gesti\u00f3n integral y desarrollo de negocios\" \/>\n<meta property=\"og:url\" content=\"https:\/\/mslspa.cl\/index.php\/contact-us\/\" \/>\n<meta property=\"og:site_name\" content=\"A&amp;S MSL SpA\" \/>\n<meta property=\"article:modified_time\" content=\"2024-05-12T23:17:17+00:00\" \/>\n<meta property=\"og:image\" content=\"https:\/\/mslspa.cl\/wp-content\/uploads\/2023\/02\/logo-removebg-preview.png\" \/>\n\t<meta property=\"og:image:width\" content=\"812\" \/>\n\t<meta property=\"og:image:height\" content=\"307\" \/>\n\t<meta property=\"og:image:type\" content=\"image\/png\" \/>\n<meta name=\"twitter:card\" content=\"summary_large_image\" \/>\n<meta name=\"twitter:label1\" content=\"Est. reading time\" \/>\n\t<meta name=\"twitter:data1\" content=\"1 minute\" \/>\n<script type=\"application\/ld+json\" class=\"yoast-schema-graph\">{\"@context\":\"https:\/\/schema.org\",\"@graph\":[{\"@type\":\"WebPage\",\"@id\":\"https:\/\/mslspa.cl\/index.php\/contact-us\/\",\"url\":\"https:\/\/mslspa.cl\/index.php\/contact-us\/\",\"name\":\"Servicios de gesti\u00f3n integral y desarrollo de negocios\",\"isPartOf\":{\"@id\":\"https:\/\/mslspa.cl\/#website\"},\"datePublished\":\"2021-05-18T04:40:39+00:00\",\"dateModified\":\"2024-05-12T23:17:17+00:00\",\"breadcrumb\":{\"@id\":\"https:\/\/mslspa.cl\/index.php\/contact-us\/#breadcrumb\"},\"inLanguage\":\"en-US\",\"potentialAction\":[{\"@type\":\"ReadAction\",\"target\":[\"https:\/\/mslspa.cl\/index.php\/contact-us\/\"]}]},{\"@type\":\"BreadcrumbList\",\"@id\":\"https:\/\/mslspa.cl\/index.php\/contact-us\/#breadcrumb\",\"itemListElement\":[{\"@type\":\"ListItem\",\"position\":1,\"name\":\"Home\",\"item\":\"https:\/\/mslspa.cl\/\"},{\"@type\":\"ListItem\",\"position\":2,\"name\":\"Contact Us\"}]},{\"@type\":\"WebSite\",\"@id\":\"https:\/\/mslspa.cl\/#website\",\"url\":\"https:\/\/mslspa.cl\/\",\"name\":\"Asesor\u00edas y Servicios MSL SPA\",\"description\":\"\",\"publisher\":{\"@id\":\"https:\/\/mslspa.cl\/#organization\"},\"potentialAction\":[{\"@type\":\"SearchAction\",\"target\":{\"@type\":\"EntryPoint\",\"urlTemplate\":\"https:\/\/mslspa.cl\/?s={search_term_string}\"},\"query-input\":\"required name=search_term_string\"}],\"inLanguage\":\"en-US\"},{\"@type\":\"Organization\",\"@id\":\"https:\/\/mslspa.cl\/#organization\",\"name\":\"MSL SPA\",\"url\":\"https:\/\/mslspa.cl\/\",\"logo\":{\"@type\":\"ImageObject\",\"inLanguage\":\"en-US\",\"@id\":\"https:\/\/mslspa.cl\/#\/schema\/logo\/image\/\",\"url\":\"https:\/\/mslspa.cl\/wp-content\/uploads\/2023\/02\/cropped-logo-removebg-preview.png\",\"contentUrl\":\"https:\/\/mslspa.cl\/wp-content\/uploads\/2023\/02\/cropped-logo-removebg-preview.png\",\"width\":812,\"height\":271,\"caption\":\"MSL SPA\"},\"image\":{\"@id\":\"https:\/\/mslspa.cl\/#\/schema\/logo\/image\/\"}}]}<\/script>\n<!-- \/ Yoast SEO plugin. -->","yoast_head_json":{"title":"Servicios de gesti\u00f3n integral y desarrollo de negocios","robots":{"index":"index","follow":"follow","max-snippet":"max-snippet:-1","max-image-preview":"max-image-preview:large","max-video-preview":"max-video-preview:-1"},"canonical":"https:\/\/mslspa.cl\/index.php\/contact-us\/","og_locale":"en_US","og_type":"article","og_title":"Servicios de gesti\u00f3n integral y desarrollo de negocios","og_url":"https:\/\/mslspa.cl\/index.php\/contact-us\/","og_site_name":"A&amp;S MSL SpA","article_modified_time":"2024-05-12T23:17:17+00:00","og_image":[{"width":812,"height":307,"url":"https:\/\/mslspa.cl\/wp-content\/uploads\/2023\/02\/logo-removebg-preview.png","type":"image\/png"}],"twitter_card":"summary_large_image","twitter_misc":{"Est. reading time":"1 minute"},"schema":{"@context":"https:\/\/schema.org","@graph":[{"@type":"WebPage","@id":"https:\/\/mslspa.cl\/index.php\/contact-us\/","url":"https:\/\/mslspa.cl\/index.php\/contact-us\/","name":"Servicios de gesti\u00f3n integral y desarrollo de negocios","isPartOf":{"@id":"https:\/\/mslspa.cl\/#website"},"datePublished":"2021-05-18T04:40:39+00:00","dateModified":"2024-05-12T23:17:17+00:00","breadcrumb":{"@id":"https:\/\/mslspa.cl\/index.php\/contact-us\/#breadcrumb"},"inLanguage":"en-US","potentialAction":[{"@type":"ReadAction","target":["https:\/\/mslspa.cl\/index.php\/contact-us\/"]}]},{"@type":"BreadcrumbList","@id":"https:\/\/mslspa.cl\/index.php\/contact-us\/#breadcrumb","itemListElement":[{"@type":"ListItem","position":1,"name":"Home","item":"https:\/\/mslspa.cl\/"},{"@type":"ListItem","position":2,"name":"Contact Us"}]},{"@type":"WebSite","@id":"https:\/\/mslspa.cl\/#website","url":"https:\/\/mslspa.cl\/","name":"Asesor\u00edas y Servicios MSL SPA","description":"","publisher":{"@id":"https:\/\/mslspa.cl\/#organization"},"potentialAction":[{"@type":"SearchAction","target":{"@type":"EntryPoint","urlTemplate":"https:\/\/mslspa.cl\/?s={search_term_string}"},"query-input":"required name=search_term_string"}],"inLanguage":"en-US"},{"@type":"Organization","@id":"https:\/\/mslspa.cl\/#organization","name":"MSL SPA","url":"https:\/\/mslspa.cl\/","logo":{"@type":"ImageObject","inLanguage":"en-US","@id":"https:\/\/mslspa.cl\/#\/schema\/logo\/image\/","url":"https:\/\/mslspa.cl\/wp-content\/uploads\/2023\/02\/cropped-logo-removebg-preview.png","contentUrl":"https:\/\/mslspa.cl\/wp-content\/uploads\/2023\/02\/cropped-logo-removebg-preview.png","width":812,"height":271,"caption":"MSL SPA"},"image":{"@id":"https:\/\/mslspa.cl\/#\/schema\/logo\/image\/"}}]}},"uagb_featured_image_src":{"full":false,"thumbnail":false,"medium":false,"medium_large":false,"large":false,"1536x1536":false,"2048x2048":false},"uagb_author_info":{"display_name":"zamorano.francisco84@gmail.com","author_link":"https:\/\/mslspa.cl\/index.php\/author\/zamorano-francisco84gmail-com\/"},"uagb_comment_info":0,"uagb_excerpt":null,"_links":{"self":[{"href":"https:\/\/mslspa.cl\/index.php\/wp-json\/wp\/v2\/pages\/249"}],"collection":[{"href":"https:\/\/mslspa.cl\/index.php\/wp-json\/wp\/v2\/pages"}],"about":[{"href":"https:\/\/mslspa.cl\/index.php\/wp-json\/wp\/v2\/types\/page"}],"author":[{"embeddable":true,"href":"https:\/\/mslspa.cl\/index.php\/wp-json\/wp\/v2\/users\/1"}],"replies":[{"embeddable":true,"href":"https:\/\/mslspa.cl\/index.php\/wp-json\/wp\/v2\/comments?post=249"}],"version-history":[{"count":15,"href":"https:\/\/mslspa.cl\/index.php\/wp-json\/wp\/v2\/pages\/249\/revisions"}],"predecessor-version":[{"id":437,"href":"https:\/\/mslspa.cl\/index.php\/wp-json\/wp\/v2\/pages\/249\/revisions\/437"}],"wp:attachment":[{"href":"https:\/\/mslspa.cl\/index.php\/wp-json\/wp\/v2\/media?parent=249"}],"curies":[{"name":"wp","href":"https:\/\/api.w.org\/{rel}","templated":true}]}}