{"id":246,"date":"2021-05-18T04:37:24","date_gmt":"2021-05-18T04:37:24","guid":{"rendered":"https:\/\/mslspa.cl\/index.php\/home\/"},"modified":"2023-04-10T18:04:17","modified_gmt":"2023-04-10T18:04:17","slug":"mslspa","status":"publish","type":"page","link":"https:\/\/mslspa.cl\/","title":{"rendered":"Home"},"content":{"rendered":"\t\t<div data-elementor-type=\"wp-page\" data-elementor-id=\"246\" class=\"elementor elementor-246\">\n\t\t\t\t\t\t<section class=\"elementor-section elementor-top-section elementor-element elementor-element-c43bb1b elementor-section-full_width elementor-section-content-middle elementor-reverse-mobile elementor-section-height-default elementor-section-height-default\" data-id=\"c43bb1b\" data-element_type=\"section\" data-settings=\"{&quot;background_background&quot;:&quot;classic&quot;}\">\n\t\t\t\t\t\t<div class=\"elementor-container elementor-column-gap-no\">\n\t\t\t\t\t<div class=\"elementor-column elementor-col-50 elementor-top-column elementor-element elementor-element-611fa5a\" data-id=\"611fa5a\" data-element_type=\"column\" data-settings=\"{&quot;background_background&quot;:&quot;classic&quot;}\">\n\t\t\t<div class=\"elementor-widget-wrap elementor-element-populated\">\n\t\t\t\t\t\t<section class=\"elementor-section elementor-inner-section elementor-element elementor-element-3e7d0df elementor-section-boxed elementor-section-height-default elementor-section-height-default\" data-id=\"3e7d0df\" data-element_type=\"section\">\n\t\t\t\t\t\t<div class=\"elementor-container elementor-column-gap-no\">\n\t\t\t\t\t<div class=\"elementor-column elementor-col-100 elementor-inner-column elementor-element elementor-element-c7909ee\" data-id=\"c7909ee\" data-element_type=\"column\">\n\t\t\t<div class=\"elementor-widget-wrap elementor-element-populated\">\n\t\t\t\t\t\t<div class=\"elementor-element elementor-element-f57f0c1 elementor-widget elementor-widget-heading\" data-id=\"f57f0c1\" data-element_type=\"widget\" data-widget_type=\"heading.default\">\n\t\t\t\t<div class=\"elementor-widget-container\">\n\t\t\t<style>\/*! elementor - v3.21.0 - 08-05-2024 *\/\n.elementor-heading-title{padding:0;margin:0;line-height:1}.elementor-widget-heading .elementor-heading-title[class*=elementor-size-]>a{color:inherit;font-size:inherit;line-height:inherit}.elementor-widget-heading .elementor-heading-title.elementor-size-small{font-size:15px}.elementor-widget-heading .elementor-heading-title.elementor-size-medium{font-size:19px}.elementor-widget-heading .elementor-heading-title.elementor-size-large{font-size:29px}.elementor-widget-heading .elementor-heading-title.elementor-size-xl{font-size:39px}.elementor-widget-heading .elementor-heading-title.elementor-size-xxl{font-size:59px}<\/style><h1 class=\"elementor-heading-title elementor-size-default\">Servicios de gesti\u00f3n integral y desarrollo de negocios &amp; proyectos.<\/h1>\t\t<\/div>\n\t\t\t\t<\/div>\n\t\t\t\t<div class=\"elementor-element elementor-element-32845ff elementor-align-center elementor-widget elementor-widget-button\" data-id=\"32845ff\" data-element_type=\"widget\" data-widget_type=\"button.default\">\n\t\t\t\t<div class=\"elementor-widget-container\">\n\t\t\t\t\t<div class=\"elementor-button-wrapper\">\n\t\t\t<a class=\"elementor-button elementor-button-link elementor-size-sm\" href=\"https:\/\/mslspa.cl\/index.php\/services\/\">\n\t\t\t\t\t\t<span class=\"elementor-button-content-wrapper\">\n\t\t\t\t\t\t\t\t\t<span class=\"elementor-button-text\">servicios<\/span>\n\t\t\t\t\t<\/span>\n\t\t\t\t\t<\/a>\n\t\t<\/div>\n\t\t\t\t<\/div>\n\t\t\t\t<\/div>\n\t\t\t\t\t<\/div>\n\t\t<\/div>\n\t\t\t\t\t<\/div>\n\t\t<\/section>\n\t\t\t\t\t<\/div>\n\t\t<\/div>\n\t\t\t\t<div class=\"elementor-column elementor-col-50 elementor-top-column elementor-element elementor-element-3188432\" data-id=\"3188432\" data-element_type=\"column\">\n\t\t\t<div class=\"elementor-widget-wrap elementor-element-populated\">\n\t\t\t\t\t\t<div class=\"elementor-element elementor-element-d869791 elementor-widget elementor-widget-image\" data-id=\"d869791\" data-element_type=\"widget\" data-widget_type=\"image.default\">\n\t\t\t\t<div class=\"elementor-widget-container\">\n\t\t\t<style>\/*! elementor - v3.21.0 - 08-05-2024 *\/\n.elementor-widget-image{text-align:center}.elementor-widget-image a{display:inline-block}.elementor-widget-image a img[src$=\".svg\"]{width:48px}.elementor-widget-image img{vertical-align:middle;display:inline-block}<\/style>\t\t\t\t\t\t\t\t\t\t<img fetchpriority=\"high\" decoding=\"async\" width=\"1024\" height=\"768\" src=\"https:\/\/mslspa.cl\/wp-content\/uploads\/2023\/02\/Medical-Center-1024x768.jpg\" class=\"attachment-large size-large wp-image-296\" alt=\"\" srcset=\"https:\/\/mslspa.cl\/wp-content\/uploads\/2023\/02\/Medical-Center-1024x768.jpg 1024w, https:\/\/mslspa.cl\/wp-content\/uploads\/2023\/02\/Medical-Center-300x225.jpg 300w, https:\/\/mslspa.cl\/wp-content\/uploads\/2023\/02\/Medical-Center-768x576.jpg 768w, https:\/\/mslspa.cl\/wp-content\/uploads\/2023\/02\/Medical-Center.jpg 1200w\" sizes=\"(max-width: 1024px) 100vw, 1024px\" \/>\t\t\t\t\t\t\t\t\t\t\t\t\t<\/div>\n\t\t\t\t<\/div>\n\t\t\t\t\t<\/div>\n\t\t<\/div>\n\t\t\t\t\t<\/div>\n\t\t<\/section>\n\t\t\t\t<section class=\"elementor-section elementor-top-section elementor-element elementor-element-78d7e57 elementor-section-boxed elementor-section-height-default elementor-section-height-default\" data-id=\"78d7e57\" data-element_type=\"section\" data-settings=\"{&quot;background_background&quot;:&quot;classic&quot;}\">\n\t\t\t\t\t\t<div class=\"elementor-container elementor-column-gap-no\">\n\t\t\t\t\t<div class=\"elementor-column elementor-col-100 elementor-top-column elementor-element elementor-element-cb08730\" data-id=\"cb08730\" data-element_type=\"column\">\n\t\t\t<div class=\"elementor-widget-wrap elementor-element-populated\">\n\t\t\t\t\t\t<div class=\"elementor-element elementor-element-82c6d06 elementor-widget-tablet__width-inherit elementor-widget elementor-widget-heading\" data-id=\"82c6d06\" data-element_type=\"widget\" data-widget_type=\"heading.default\">\n\t\t\t\t<div class=\"elementor-widget-container\">\n\t\t\t<h2 class=\"elementor-heading-title elementor-size-default\">Asesoramos a las empresas a generar el negocio con nuestros servicios.<\/h2>\t\t<\/div>\n\t\t\t\t<\/div>\n\t\t\t\t<div class=\"elementor-element elementor-element-c95e470 elementor-widget__width-initial elementor-widget-tablet__width-initial elementor-widget-mobile__width-inherit elementor-vertical-align-top elementor-widget elementor-widget-image-box\" data-id=\"c95e470\" data-element_type=\"widget\" data-widget_type=\"image-box.default\">\n\t\t\t\t<div class=\"elementor-widget-container\">\n\t\t\t<style>\/*! elementor - v3.21.0 - 08-05-2024 *\/\n.elementor-widget-image-box .elementor-image-box-content{width:100%}@media (min-width:768px){.elementor-widget-image-box.elementor-position-left .elementor-image-box-wrapper,.elementor-widget-image-box.elementor-position-right .elementor-image-box-wrapper{display:flex}.elementor-widget-image-box.elementor-position-right .elementor-image-box-wrapper{text-align:end;flex-direction:row-reverse}.elementor-widget-image-box.elementor-position-left .elementor-image-box-wrapper{text-align:start;flex-direction:row}.elementor-widget-image-box.elementor-position-top .elementor-image-box-img{margin:auto}.elementor-widget-image-box.elementor-vertical-align-top .elementor-image-box-wrapper{align-items:flex-start}.elementor-widget-image-box.elementor-vertical-align-middle .elementor-image-box-wrapper{align-items:center}.elementor-widget-image-box.elementor-vertical-align-bottom .elementor-image-box-wrapper{align-items:flex-end}}@media (max-width:767px){.elementor-widget-image-box .elementor-image-box-img{margin-left:auto!important;margin-right:auto!important;margin-bottom:15px}}.elementor-widget-image-box .elementor-image-box-img{display:inline-block}.elementor-widget-image-box .elementor-image-box-title a{color:inherit}.elementor-widget-image-box .elementor-image-box-wrapper{text-align:center}.elementor-widget-image-box .elementor-image-box-description{margin:0}<\/style><div class=\"elementor-image-box-wrapper\"><div class=\"elementor-image-box-content\"><h4 class=\"elementor-image-box-title\">Nuestra Misi\u00f3n<\/h4><p class=\"elementor-image-box-description\">Fortalecer de manera integral y verificable la productividad, la innovaci\u00f3n y la sustentabilidad de empresas y organizaciones.  \n<\/p><\/div><\/div>\t\t<\/div>\n\t\t\t\t<\/div>\n\t\t\t\t<div class=\"elementor-element elementor-element-2f30123 elementor-widget__width-initial elementor-widget-tablet__width-initial elementor-widget-mobile__width-inherit elementor-vertical-align-top elementor-widget elementor-widget-image-box\" data-id=\"2f30123\" data-element_type=\"widget\" data-widget_type=\"image-box.default\">\n\t\t\t\t<div class=\"elementor-widget-container\">\n\t\t\t<div class=\"elementor-image-box-wrapper\"><div class=\"elementor-image-box-content\"><h4 class=\"elementor-image-box-title\">Nuestra Visi\u00f3n<\/h4><p class=\"elementor-image-box-description\">Queremos superar las expectativas de nuestros clientes brindando\u00a0servicios y soluciones\u00a0integrales, eficaces, eficientes y responsables con la excelencia, el medio ambiente y la sustentabilidad de los negocios.\n<\/p><\/div><\/div>\t\t<\/div>\n\t\t\t\t<\/div>\n\t\t\t\t<div class=\"elementor-element elementor-element-b23c2e3 elementor-widget__width-initial elementor-widget-tablet__width-initial elementor-widget-mobile__width-inherit elementor-vertical-align-top elementor-widget elementor-widget-image-box\" data-id=\"b23c2e3\" data-element_type=\"widget\" data-widget_type=\"image-box.default\">\n\t\t\t\t<div class=\"elementor-widget-container\">\n\t\t\t<div class=\"elementor-image-box-wrapper\"><div class=\"elementor-image-box-content\"><h4 class=\"elementor-image-box-title\">Servicios<\/h4><p class=\"elementor-image-box-description\">Adecuamos nuestros servicios a la soluci\u00f3n efectiva de problemas de los clientes abarcando \u00e1reas como gesti\u00f3n y corporate complieance, estrategias y desarrollo de negocios nacionales e internacionales.<\/p><\/div><\/div>\t\t<\/div>\n\t\t\t\t<\/div>\n\t\t\t\t<div class=\"elementor-element elementor-element-4f77011 elementor-widget elementor-widget-button\" data-id=\"4f77011\" data-element_type=\"widget\" data-widget_type=\"button.default\">\n\t\t\t\t<div class=\"elementor-widget-container\">\n\t\t\t\t\t<div class=\"elementor-button-wrapper\">\n\t\t\t<a class=\"elementor-button elementor-button-link elementor-size-sm\" href=\"https:\/\/mslspa.cl\/index.php\/about-us\/\">\n\t\t\t\t\t\t<span class=\"elementor-button-content-wrapper\">\n\t\t\t\t\t\t\t\t\t<span class=\"elementor-button-text\">SABER M\u00c1S<\/span>\n\t\t\t\t\t<\/span>\n\t\t\t\t\t<\/a>\n\t\t<\/div>\n\t\t\t\t<\/div>\n\t\t\t\t<\/div>\n\t\t\t\t\t<\/div>\n\t\t<\/div>\n\t\t\t\t\t<\/div>\n\t\t<\/section>\n\t\t\t\t<section class=\"elementor-section elementor-top-section elementor-element elementor-element-63ade53 elementor-section-boxed elementor-section-height-default elementor-section-height-default\" data-id=\"63ade53\" data-element_type=\"section\" data-settings=\"{&quot;background_background&quot;:&quot;classic&quot;}\">\n\t\t\t\t\t\t<div class=\"elementor-container elementor-column-gap-no\">\n\t\t\t\t\t<div class=\"elementor-column elementor-col-100 elementor-top-column elementor-element elementor-element-b7cde13\" data-id=\"b7cde13\" data-element_type=\"column\">\n\t\t\t<div class=\"elementor-widget-wrap elementor-element-populated\">\n\t\t\t\t\t\t<section class=\"elementor-section elementor-inner-section elementor-element elementor-element-fd846a5 elementor-section-content-middle elementor-section-boxed elementor-section-height-default elementor-section-height-default\" data-id=\"fd846a5\" data-element_type=\"section\">\n\t\t\t\t\t\t<div class=\"elementor-container elementor-column-gap-no\">\n\t\t\t\t\t<div class=\"elementor-column elementor-col-50 elementor-inner-column elementor-element elementor-element-8890ab8\" data-id=\"8890ab8\" data-element_type=\"column\">\n\t\t\t<div class=\"elementor-widget-wrap elementor-element-populated\">\n\t\t\t\t\t\t<div class=\"elementor-element elementor-element-10cf29e elementor-widget elementor-widget-image\" data-id=\"10cf29e\" data-element_type=\"widget\" data-widget_type=\"image.default\">\n\t\t\t\t<div class=\"elementor-widget-container\">\n\t\t\t\t\t\t\t\t\t\t\t\t\t<img decoding=\"async\" width=\"600\" height=\"480\" src=\"https:\/\/mslspa.cl\/wp-content\/uploads\/2023\/02\/1.png\" class=\"attachment-large size-large wp-image-290\" alt=\"\" srcset=\"https:\/\/mslspa.cl\/wp-content\/uploads\/2023\/02\/1.png 600w, https:\/\/mslspa.cl\/wp-content\/uploads\/2023\/02\/1-300x240.png 300w\" sizes=\"(max-width: 600px) 100vw, 600px\" \/>\t\t\t\t\t\t\t\t\t\t\t\t\t<\/div>\n\t\t\t\t<\/div>\n\t\t\t\t\t<\/div>\n\t\t<\/div>\n\t\t\t\t<div class=\"elementor-column elementor-col-50 elementor-inner-column elementor-element elementor-element-694ef03\" data-id=\"694ef03\" data-element_type=\"column\">\n\t\t\t<div class=\"elementor-widget-wrap elementor-element-populated\">\n\t\t\t\t\t\t<div class=\"elementor-element elementor-element-50b88ce elementor-vertical-align-top elementor-widget elementor-widget-image-box\" data-id=\"50b88ce\" data-element_type=\"widget\" data-widget_type=\"image-box.default\">\n\t\t\t\t<div class=\"elementor-widget-container\">\n\t\t\t<div class=\"elementor-image-box-wrapper\"><div class=\"elementor-image-box-content\"><h2 class=\"elementor-image-box-title\">Asesor\u00edas y servicios MSL SPA<\/h2><p class=\"elementor-image-box-description\">Es una empresa Chilena con enfoque global, que brinda soluciones integrales de excelencia a sus clientes y que opera en redes profesionales nacionales e internacionales. \n\nMediante metodolog\u00edas de vanguardia y equipos de consultor\u00eda especializada con amplia y destacada trayectoria profesional que garantizan los resultados exitosos para nuestros clientes. Adecuamos nuestros servicios a la soluci\u00f3n efectiva de problemas de los clientes abarcando \u00e1reas como gesti\u00f3n de riesgo y corporate compliance, estrategias y desarrollo de negocios nacionales e internacionales, redise\u00f1o de procesos y cambio organizacional en entorno VUCA, econom\u00eda circular y cambio clim\u00e1tico.<\/p><\/div><\/div>\t\t<\/div>\n\t\t\t\t<\/div>\n\t\t\t\t\t<\/div>\n\t\t<\/div>\n\t\t\t\t\t<\/div>\n\t\t<\/section>\n\t\t\t\t\t<\/div>\n\t\t<\/div>\n\t\t\t\t\t<\/div>\n\t\t<\/section>\n\t\t\t\t<\/div>\n\t\t","protected":false},"excerpt":{"rendered":"<p>Servicios de gesti\u00f3n integral y desarrollo de negocios &amp; proyectos. servicios Asesoramos a las empresas a generar el negocio con nuestros servicios. Nuestra Misi\u00f3n Fortalecer de manera integral y verificable la productividad, la innovaci\u00f3n y la sustentabilidad de empresas y organizaciones. Nuestra Visi\u00f3n Queremos superar las expectativas de nuestros clientes brindando&nbsp;servicios y soluciones&nbsp;integrales, eficaces, eficientes &hellip;<\/p>\n<p class=\"read-more\"> <a class=\"\" href=\"https:\/\/mslspa.cl\/\"> <span class=\"screen-reader-text\">Home<\/span> Read More &raquo;<\/a><\/p>\n","protected":false},"author":1,"featured_media":0,"parent":0,"menu_order":0,"comment_status":"closed","ping_status":"closed","template":"","meta":{"_uag_custom_page_level_css":"","site-sidebar-layout":"no-sidebar","site-content-layout":"page-builder","ast-global-header-display":"","ast-main-header-display":"","ast-hfb-above-header-display":"","ast-hfb-below-header-display":"","ast-hfb-mobile-header-display":"","site-post-title":"disabled","ast-breadcrumbs-content":"","ast-featured-img":"disabled","footer-sml-layout":"","theme-transparent-header-meta":"","adv-header-id-meta":"","stick-header-meta":"","header-above-stick-meta":"","header-main-stick-meta":"","header-below-stick-meta":"","footnotes":""},"yoast_head":"<!-- This site is optimized with the Yoast SEO plugin v22.6 - https:\/\/yoast.com\/wordpress\/plugins\/seo\/ -->\n<title>AyS MSL SpA<\/title>\n<meta name=\"description\" content=\"Servicios de gesti\u00f3n integral y desarrollo de negocios\" \/>\n<meta name=\"robots\" content=\"index, follow, max-snippet:-1, max-image-preview:large, max-video-preview:-1\" \/>\n<link rel=\"canonical\" href=\"https:\/\/mslspa.cl\/\" \/>\n<meta property=\"og:locale\" content=\"en_US\" \/>\n<meta property=\"og:type\" content=\"article\" \/>\n<meta property=\"og:title\" content=\"AyS MSL SpA\" \/>\n<meta property=\"og:description\" content=\"Servicios de gesti\u00f3n integral y desarrollo de negocios\" \/>\n<meta property=\"og:url\" content=\"https:\/\/mslspa.cl\/\" \/>\n<meta property=\"og:site_name\" content=\"A&amp;S MSL SpA\" \/>\n<meta property=\"article:modified_time\" content=\"2023-04-10T18:04:17+00:00\" \/>\n<meta property=\"og:image\" content=\"http:\/\/mslspa.cl\/wp-content\/uploads\/2023\/02\/Medical-Center-1024x768.jpg\" \/>\n<meta name=\"twitter:card\" content=\"summary_large_image\" \/>\n<meta name=\"twitter:label1\" content=\"Est. reading time\" \/>\n\t<meta name=\"twitter:data1\" content=\"2 minutes\" \/>\n<script type=\"application\/ld+json\" class=\"yoast-schema-graph\">{\"@context\":\"https:\/\/schema.org\",\"@graph\":[{\"@type\":\"WebPage\",\"@id\":\"https:\/\/mslspa.cl\/\",\"url\":\"https:\/\/mslspa.cl\/\",\"name\":\"AyS MSL SpA\",\"isPartOf\":{\"@id\":\"https:\/\/mslspa.cl\/#website\"},\"primaryImageOfPage\":{\"@id\":\"https:\/\/mslspa.cl\/#primaryimage\"},\"image\":{\"@id\":\"https:\/\/mslspa.cl\/#primaryimage\"},\"thumbnailUrl\":\"http:\/\/mslspa.cl\/wp-content\/uploads\/2023\/02\/Medical-Center-1024x768.jpg\",\"datePublished\":\"2021-05-18T04:37:24+00:00\",\"dateModified\":\"2023-04-10T18:04:17+00:00\",\"description\":\"Servicios de gesti\u00f3n integral y desarrollo de negocios\",\"breadcrumb\":{\"@id\":\"https:\/\/mslspa.cl\/#breadcrumb\"},\"inLanguage\":\"en-US\",\"potentialAction\":[{\"@type\":\"ReadAction\",\"target\":[\"https:\/\/mslspa.cl\/\"]}]},{\"@type\":\"ImageObject\",\"inLanguage\":\"en-US\",\"@id\":\"https:\/\/mslspa.cl\/#primaryimage\",\"url\":\"http:\/\/mslspa.cl\/wp-content\/uploads\/2023\/02\/Medical-Center-1024x768.jpg\",\"contentUrl\":\"http:\/\/mslspa.cl\/wp-content\/uploads\/2023\/02\/Medical-Center-1024x768.jpg\"},{\"@type\":\"BreadcrumbList\",\"@id\":\"https:\/\/mslspa.cl\/#breadcrumb\",\"itemListElement\":[{\"@type\":\"ListItem\",\"position\":1,\"name\":\"Home\",\"item\":\"https:\/\/mslspa.cl\/\"},{\"@type\":\"ListItem\",\"position\":2,\"name\":\"Home\"}]},{\"@type\":\"WebSite\",\"@id\":\"https:\/\/mslspa.cl\/#website\",\"url\":\"https:\/\/mslspa.cl\/\",\"name\":\"Asesor\u00edas y Servicios MSL SPA\",\"description\":\"\",\"publisher\":{\"@id\":\"https:\/\/mslspa.cl\/#organization\"},\"potentialAction\":[{\"@type\":\"SearchAction\",\"target\":{\"@type\":\"EntryPoint\",\"urlTemplate\":\"https:\/\/mslspa.cl\/?s={search_term_string}\"},\"query-input\":\"required name=search_term_string\"}],\"inLanguage\":\"en-US\"},{\"@type\":\"Organization\",\"@id\":\"https:\/\/mslspa.cl\/#organization\",\"name\":\"MSL SPA\",\"url\":\"https:\/\/mslspa.cl\/\",\"logo\":{\"@type\":\"ImageObject\",\"inLanguage\":\"en-US\",\"@id\":\"https:\/\/mslspa.cl\/#\/schema\/logo\/image\/\",\"url\":\"https:\/\/mslspa.cl\/wp-content\/uploads\/2023\/02\/cropped-logo-removebg-preview.png\",\"contentUrl\":\"https:\/\/mslspa.cl\/wp-content\/uploads\/2023\/02\/cropped-logo-removebg-preview.png\",\"width\":812,\"height\":271,\"caption\":\"MSL SPA\"},\"image\":{\"@id\":\"https:\/\/mslspa.cl\/#\/schema\/logo\/image\/\"}}]}<\/script>\n<!-- \/ Yoast SEO plugin. -->","yoast_head_json":{"title":"AyS MSL SpA","description":"Servicios de gesti\u00f3n integral y desarrollo de negocios","robots":{"index":"index","follow":"follow","max-snippet":"max-snippet:-1","max-image-preview":"max-image-preview:large","max-video-preview":"max-video-preview:-1"},"canonical":"https:\/\/mslspa.cl\/","og_locale":"en_US","og_type":"article","og_title":"AyS MSL SpA","og_description":"Servicios de gesti\u00f3n integral y desarrollo de negocios","og_url":"https:\/\/mslspa.cl\/","og_site_name":"A&amp;S MSL SpA","article_modified_time":"2023-04-10T18:04:17+00:00","og_image":[{"url":"http:\/\/mslspa.cl\/wp-content\/uploads\/2023\/02\/Medical-Center-1024x768.jpg"}],"twitter_card":"summary_large_image","twitter_misc":{"Est. reading time":"2 minutes"},"schema":{"@context":"https:\/\/schema.org","@graph":[{"@type":"WebPage","@id":"https:\/\/mslspa.cl\/","url":"https:\/\/mslspa.cl\/","name":"AyS MSL SpA","isPartOf":{"@id":"https:\/\/mslspa.cl\/#website"},"primaryImageOfPage":{"@id":"https:\/\/mslspa.cl\/#primaryimage"},"image":{"@id":"https:\/\/mslspa.cl\/#primaryimage"},"thumbnailUrl":"http:\/\/mslspa.cl\/wp-content\/uploads\/2023\/02\/Medical-Center-1024x768.jpg","datePublished":"2021-05-18T04:37:24+00:00","dateModified":"2023-04-10T18:04:17+00:00","description":"Servicios de gesti\u00f3n integral y desarrollo de negocios","breadcrumb":{"@id":"https:\/\/mslspa.cl\/#breadcrumb"},"inLanguage":"en-US","potentialAction":[{"@type":"ReadAction","target":["https:\/\/mslspa.cl\/"]}]},{"@type":"ImageObject","inLanguage":"en-US","@id":"https:\/\/mslspa.cl\/#primaryimage","url":"http:\/\/mslspa.cl\/wp-content\/uploads\/2023\/02\/Medical-Center-1024x768.jpg","contentUrl":"http:\/\/mslspa.cl\/wp-content\/uploads\/2023\/02\/Medical-Center-1024x768.jpg"},{"@type":"BreadcrumbList","@id":"https:\/\/mslspa.cl\/#breadcrumb","itemListElement":[{"@type":"ListItem","position":1,"name":"Home","item":"https:\/\/mslspa.cl\/"},{"@type":"ListItem","position":2,"name":"Home"}]},{"@type":"WebSite","@id":"https:\/\/mslspa.cl\/#website","url":"https:\/\/mslspa.cl\/","name":"Asesor\u00edas y Servicios MSL SPA","description":"","publisher":{"@id":"https:\/\/mslspa.cl\/#organization"},"potentialAction":[{"@type":"SearchAction","target":{"@type":"EntryPoint","urlTemplate":"https:\/\/mslspa.cl\/?s={search_term_string}"},"query-input":"required name=search_term_string"}],"inLanguage":"en-US"},{"@type":"Organization","@id":"https:\/\/mslspa.cl\/#organization","name":"MSL SPA","url":"https:\/\/mslspa.cl\/","logo":{"@type":"ImageObject","inLanguage":"en-US","@id":"https:\/\/mslspa.cl\/#\/schema\/logo\/image\/","url":"https:\/\/mslspa.cl\/wp-content\/uploads\/2023\/02\/cropped-logo-removebg-preview.png","contentUrl":"https:\/\/mslspa.cl\/wp-content\/uploads\/2023\/02\/cropped-logo-removebg-preview.png","width":812,"height":271,"caption":"MSL SPA"},"image":{"@id":"https:\/\/mslspa.cl\/#\/schema\/logo\/image\/"}}]}},"uagb_featured_image_src":{"full":false,"thumbnail":false,"medium":false,"medium_large":false,"large":false,"1536x1536":false,"2048x2048":false},"uagb_author_info":{"display_name":"zamorano.francisco84@gmail.com","author_link":"https:\/\/mslspa.cl\/index.php\/author\/zamorano-francisco84gmail-com\/"},"uagb_comment_info":0,"uagb_excerpt":"Servicios de gesti\u00f3n integral y desarrollo de negocios &amp; proyectos. servicios Asesoramos a las empresas a generar el negocio con nuestros servicios. Nuestra Misi\u00f3n Fortalecer de manera integral y verificable la productividad, la innovaci\u00f3n y la sustentabilidad de empresas y organizaciones. Nuestra Visi\u00f3n Queremos superar las expectativas de nuestros clientes brindando&nbsp;servicios y soluciones&nbsp;integrales, eficaces, eficientes&hellip;","_links":{"self":[{"href":"https:\/\/mslspa.cl\/index.php\/wp-json\/wp\/v2\/pages\/246"}],"collection":[{"href":"https:\/\/mslspa.cl\/index.php\/wp-json\/wp\/v2\/pages"}],"about":[{"href":"https:\/\/mslspa.cl\/index.php\/wp-json\/wp\/v2\/types\/page"}],"author":[{"embeddable":true,"href":"https:\/\/mslspa.cl\/index.php\/wp-json\/wp\/v2\/users\/1"}],"replies":[{"embeddable":true,"href":"https:\/\/mslspa.cl\/index.php\/wp-json\/wp\/v2\/comments?post=246"}],"version-history":[{"count":47,"href":"https:\/\/mslspa.cl\/index.php\/wp-json\/wp\/v2\/pages\/246\/revisions"}],"predecessor-version":[{"id":414,"href":"https:\/\/mslspa.cl\/index.php\/wp-json\/wp\/v2\/pages\/246\/revisions\/414"}],"wp:attachment":[{"href":"https:\/\/mslspa.cl\/index.php\/wp-json\/wp\/v2\/media?parent=246"}],"curies":[{"name":"wp","href":"https:\/\/api.w.org\/{rel}","templated":true}]}}